{"id":36,"date":"2022-01-24T21:01:35","date_gmt":"2022-01-24T21:01:35","guid":{"rendered":"https:\/\/www.hpfrank.de\/?page_id=36"},"modified":"2023-11-14T17:41:05","modified_gmt":"2023-11-14T17:41:05","slug":"datenschutzerklaerung","status":"publish","type":"page","link":"https:\/\/www.hpfrank.de\/?page_id=36","title":{"rendered":"Datenschutzerkl\u00e4rung"},"content":{"rendered":"\n<h1 class=\"wp-block-heading\">Datenschutzerkl\u00e4rung<\/h1>\n\n\n\n<p>Wie wir mit Ihren personenbezogenen Daten umgehen, erl\u00e4utern wir Ihnen in dieser Datenschutzerkl\u00e4rung. Ma\u00dfgabe ist das geltende Datenschutzrecht, insbesondere die Datenschutz-Grundverordnung (DSGVO). Mit Ausnahme der Dienstleister und Drittanbieter, die wir in dieser Datenschutzerkl\u00e4rung benennen, geben wir keine Daten an Dritte weiter. Wenn Sie Fragen haben, sprechen Sie uns gerne an.<\/p>\n\n\n\n<h2 class=\"wp-block-heading\">Inhalt<\/h2>\n\n\n\n<ul class=\"wp-block-list\">\n<li><a href=\"#verantwortlicher\">Verantwortlicher<\/a><\/li>\n\n\n\n<li><a href=\"#allgemeine-informationen\">Allgemeine Informationen<\/a><\/li>\n\n\n\n<li><a href=\"#datenverarbeitung-beim-aufruf-der-webseite\">Datenverarbeitung beim Aufruf der Webseite<\/a><\/li>\n\n\n\n<li><a href=\"#cookies-zaehlpixel-und-mobile-identifier\">Cookies, Z\u00e4hlpixel und Mobile Identifier<\/a><\/li>\n\n\n\n<li><a href=\"#kontaktaufnahme\">Kontaktaufnahme<\/a><\/li>\n\n\n\n<li><a href=\"#newsletter\">Newsletter<\/a><\/li>\n\n\n\n<li><a href=\"#kommentare\">Kommentare<\/a><\/li>\n\n\n\n<li><a href=\"#registrierung-fuer-ein-benutzerkonto\">Registrierung f\u00fcr ein Benutzerkonto<\/a><\/li>\n\n\n\n<li><a href=\"#weitere-drittdienste\">Weitere Drittdienste<\/a><\/li>\n\n\n\n<li><a href=\"#rechte-betroffener-personen\">Rechte betroffener Personen<\/a><\/li>\n<\/ul>\n\n\n\n<h2 class=\"wp-block-heading\" id=\"verantwortlicher\">Verantwortlicher<\/h2>\n\n\n\n<p>Verantwortlich f\u00fcr die Datenverarbeitung ist<\/p>\n\n\n\n<p>Hans-Peter FRank<br>Grasm\u00fcckenweg 11a<br>80937&nbsp;M\u00dcNCHEN<\/p>\n\n\n\n<p>Datenschutzbeauftragter:<\/p>\n\n\n\n<p>Hans-Peter Frank<br>E-Mail: mail@hpfrank.de<br>Tel.: +49 1511 6531428<\/p>\n\n\n\n<h2 class=\"wp-block-heading\" id=\"allgemeine-informationen\">Allgemeine Informationen<\/h2>\n\n\n\n<p><strong>Bereitstellung von Daten<\/strong><\/p>\n\n\n\n<p>F\u00fcr eine Nutzung unserer Webseite ist in der Regel weder gesetzlich noch vertraglich vorgeschrieben, personenbezogene Daten zur Verf\u00fcgung stellen. Soweit eine Bereitstellung von Daten f\u00fcr einen Vertragsabschluss erforderlich ist oder der Nutzer dazu verpflichtet ist, personenbezogene Daten bereitzustellen, teilen wir diesen Umstand und welche Folgen die Nichtbereitstellung h\u00e4tte in dieser Datenschutzerkl\u00e4rung mit.<\/p>\n\n\n\n<p><strong>Daten\u00fcbermittlung an Drittl\u00e4nder<\/strong><\/p>\n\n\n\n<p>Es ist m\u00f6glich, dass wir Dienstleister und Drittanbieter einsetzen, die in L\u00e4ndern au\u00dferhalb der Europ\u00e4ischen Union und des Europ\u00e4ischen Wirtschaftsraums ans\u00e4ssig sind. Die \u00dcbermittlung personenbezogener Daten in solche Drittl\u00e4nder erfolgt auf der Grundlage eines Angemessenheitsbeschlusses der Europ\u00e4ischen Kommission (Art.&nbsp;45 DSGVO) oder wir haben geeignete Garantien vorgesehen, um den Datenschutz sicherzustellen (Art.&nbsp;46 DSGVO). Soweit ein Angemessenheitsbeschluss der Europ\u00e4ischen Kommission f\u00fcr die Daten\u00fcbermittlung in ein Drittland vorhanden ist, weisen wir in dieser Datenschutzerkl\u00e4rung darauf hin. Im \u00dcbrigen gilt, dass Nutzer eine Kopie der geeigneten Garantien, soweit diese nicht bereits in den Datenschutzerkl\u00e4rungen der Dienstleister oder Drittanbieter enthalten ist, \u00fcber uns beziehen k\u00f6nnen.<\/p>\n\n\n\n<p><strong>Automatisierte Entscheidungsfindung<\/strong><\/p>\n\n\n\n<p>Sollten wir eine automatisierte Entscheidungsfindung einschlie\u00dflich Profiling vornehmen, informieren wir in dieser Datenschutzerkl\u00e4rung \u00fcber diesen Umstand, \u00fcber die involvierte Logik sowie die Tragweite und die angestrebten Auswirkungen einer derartigen Verarbeitung. Im \u00dcbrigen findet eine automatisierte Entscheidungsfindung nicht statt.<\/p>\n\n\n\n<p><strong>Verarbeitung zu anderen Zwecken<\/strong><\/p>\n\n\n\n<p>Daten werden grunds\u00e4tzlich nur zu den Zwecken verarbeitet, f\u00fcr die sie erhoben wurden. Sollen sie ausnahmsweise zu anderen Zwecken weiterverarbeitet werden, informieren wir vor dieser Weiterverarbeitung \u00fcber diese anderen Zwecke und stellen alle anderen ma\u00dfgeblichen Informationen zur Verf\u00fcgung (Art.&nbsp;13 Abs.&nbsp;3 DSGVO).<\/p>\n\n\n\n<h2 class=\"wp-block-heading\" id=\"datenverarbeitung-beim-aufruf-der-webseite\">Datenverarbeitung beim Aufruf der Webseite<\/h2>\n\n\n\n<p>Bei jedem Aufruf unserer Webseite \u00fcbertr\u00e4gt der Browser des Nutzers verschiedene Daten. F\u00fcr die Dauer des Besuchs der Webseite werden die folgenden Daten verarbeitet und in Logfiles auch \u00fcber ein Ende der Verbindung hinaus gespeichert:<\/p>\n\n\n\n<ul class=\"wp-block-list\">\n<li>Browsertyp und verwendete -version<\/li>\n\n\n\n<li>Betriebssystem<\/li>\n\n\n\n<li>Abgerufene Seiten und Dateien<\/li>\n\n\n\n<li>\u00dcbertragene Datenmenge<\/li>\n\n\n\n<li>Datum und Uhrzeit des Abrufs<\/li>\n\n\n\n<li>Provider des Nutzers<\/li>\n\n\n\n<li>IP-Adresse<\/li>\n\n\n\n<li>Referrer URL<\/li>\n<\/ul>\n\n\n\n<p>Die Verarbeitung dieser Daten ist erforderlich, um die Webseite an den Nutzer ausliefern zu k\u00f6nnen und f\u00fcr sein Endger\u00e4t zu optimieren. Die Speicherung in Logfiles dient der Verbesserung der Sicherheit unserer Webseite (z.B. Schutz vor DDOS-Angriffen).<\/p>\n\n\n\n<p>Rechtsgrundlage f\u00fcr die Verarbeitung ist Art.&nbsp;6 Abs.&nbsp;1 UAbs.&nbsp;1 Buchst.&nbsp;f) DSGVO. Unser berechtigtes Interesse besteht in der Bereitstellung der Webseite und der Verbesserung der Webseitensicherheit. Logfiles werden nach 30 Tagen automatisch gel\u00f6scht.<\/p>\n\n\n\n<h2 class=\"wp-block-heading\" id=\"cookies-zaehlpixel-und-mobile-identifier\">Cookies, Z\u00e4hlpixel und Mobile Identifier<\/h2>\n\n\n\n<p>Auf unserer Webseite setzen wir Technologien ein, um das genutzte Endger\u00e4t wiederzuerkennen. Es kann sich dabei um Cookies, Z\u00e4hlpixel und\/oder Mobile Identifier handeln.<\/p>\n\n\n\n<p>Das Wiedererkennen eines Endger\u00e4ts kann grunds\u00e4tzlich zu unterschiedlichen Zwecken erfolgen. Es kann notwendig sein, um Funktionen unserer Webseite bereitzustellen, beispielsweise um einen Warenkorb zur Verf\u00fcgung zu stellen. Dar\u00fcber hinaus k\u00f6nnen die genannten Technologien dazu genutzt werden, um das Verhalten von Nutzern auf der Seite nachzuvollziehen, beispielsweise zu Werbezwecken. Welche Technologien wir im Einzelnen nutzen und zu welchen Zwecken, beschreiben wir in dieser Datenschutzerkl\u00e4rung gesondert.<\/p>\n\n\n\n<p>F\u00fcr ein besseres Verst\u00e4ndnis erl\u00e4utern wir nachfolgend allgemein, wie Cookies, Z\u00e4hlpixel und Mobile Identifier funktionieren:<\/p>\n\n\n\n<ul class=\"wp-block-list\">\n<li><span style=\"font-size: revert; color: var(--ast-global-color-3); background-color: var(--ast-global-color-5); font-family: -apple-system, BlinkMacSystemFont, &quot;Segoe UI&quot;, Roboto, Oxygen-Sans, Ubuntu, Cantarell, &quot;Helvetica Neue&quot;, sans-serif; font-weight: inherit;\">Cookies sind kleine Textdateien, die bestimmte Informationen beinhalten und auf dem Endger\u00e4t des Nutzers gespeichert werden. Zumeist handelt es sich um eine Identifikationsnummer, die einem Endger\u00e4t zugewiesen wird (Cookie ID).<\/span> <\/li>\n\n\n\n<li><span style=\"font-size: revert; color: var(--ast-global-color-3); background-color: var(--ast-global-color-5); font-family: -apple-system, BlinkMacSystemFont, &quot;Segoe UI&quot;, Roboto, Oxygen-Sans, Ubuntu, Cantarell, &quot;Helvetica Neue&quot;, sans-serif; font-weight: inherit;\">Bei einem Z\u00e4hlpixel handelt es sich um eine transparente Grafikdatei, die auf einer Seite eingebunden wird und eine Logdateianalyse erm\u00f6glicht.<\/span> <\/li>\n\n\n\n<li> E<span style=\"font-size: revert; color: var(--ast-global-color-3); background-color: var(--ast-global-color-5); font-family: -apple-system, BlinkMacSystemFont, &quot;Segoe UI&quot;, Roboto, Oxygen-Sans, Ubuntu, Cantarell, &quot;Helvetica Neue&quot;, sans-serif; font-weight: inherit;\">in Mobile Identifier ist eine einzigartige Nummer (Mobile ID), die auf einem mobilen Endger\u00e4t gespeichert ist und durch eine Webseite ausgelesen werden kann.<\/span> <\/li>\n<\/ul>\n\n\n\n<p>Cookies k\u00f6nnen erforderlich sein, damit unsere Webseite ordnungsgem\u00e4\u00df funktioniert. Rechtsgrundlage f\u00fcr den Einsatz derartiger Cookies ist Art.&nbsp;6 Abs.&nbsp;1 UAbs.&nbsp;1 Buchst.&nbsp;f) DSGVO. Unser berechtigtes Interesse besteht in der Bereitstellung der Funktionen unserer Webseite.<\/p>\n\n\n\n<p>F\u00fcr den Betrieb unserer Webseite nicht erforderliche Cookies setzen wir ein, um unser Angebot nutzerfreundlicher zu machen oder die Nutzung unserer Webseite nachvollziehen zu k\u00f6nnen. Die Rechtsgrundlage richtet sich hier danach, ob die Einwilligung des Nutzers einzuholen ist oder wir uns auf ein berechtigtes Interesse berufen k\u00f6nnen. Eine erteilte Einwilligung kann der Nutzer unter anderem durch die Einstellungen in seinem Browser jederzeit widerrufen.<\/p>\n\n\n\n<p>Der Nutzer kann der Verarbeitung von Daten mithilfe von Cookies durch entsprechende Einstellungen in seinem Browser verhindern und ihr widersprechen. Im Falle des Widerspruchs kann es sein, dass nicht alle Funktionen unserer Webseite zur Verf\u00fcgung stehen. \u00dcber weitere M\u00f6glichkeiten des Widerspruchs gegen die Verarbeitung personenbezogener Daten durch Cookies informieren wir in dieser Datenschutzerkl\u00e4rung gesondert. Gegebenenfalls stellen wir Links bereit, mit denen ein Widerspruch erkl\u00e4rt werden kann. Diese sind mit &#8222;Opt-Out&#8220; beschriftet.<\/p>\n\n\n\n<h2 class=\"wp-block-heading\" id=\"kontaktaufnahme\">Kontaktaufnahme<\/h2>\n\n\n\n<p>Im Falle einer Kontaktaufnahme verarbeiten wir die Angaben des Nutzers, Datum und Uhrzeit zum Zwecke der Bearbeitung der Anfrage einschlie\u00dflich eventueller R\u00fcckfragen.<\/p>\n\n\n\n<p>Rechtsgrundlage f\u00fcr die Datenverarbeitung ist Art.&nbsp;6 Abs.&nbsp;1 UAbs.&nbsp;1 Buchst.&nbsp;f) DSGVO. Unser berechtigtes Interesse besteht in der Beantwortung der Anfragen unserer Nutzer. Zus\u00e4tzliche Rechtsgrundlage ist Art.&nbsp;6 Abs.&nbsp;1 UAbs.&nbsp;1 Buchst.&nbsp;b) DSGVO, wenn die Verarbeitung f\u00fcr die Erf\u00fcllung eines Vertrags oder zur Durchf\u00fchrung vorvertraglicher Ma\u00dfnahmen erforderlich ist.<\/p>\n\n\n\n<p>Die Daten werden gel\u00f6scht, sobald die Anfrage einschlie\u00dflich etwaiger R\u00fcckfragen beantwortet ist. Wir \u00fcberpr\u00fcfen in regelm\u00e4\u00dfigen Abst\u00e4nden, mindestens aber alle zwei Jahre, ob im Zusammenhang mit Kontaktaufnahmen angefallene Daten zu l\u00f6schen sind.<\/p>\n\n\n\n<h2 class=\"wp-block-heading\" id=\"newsletter\">Newsletter<\/h2>\n\n\n\n<p>Nutzer haben die M\u00f6glichkeit, sich auf unserer Seite f\u00fcr Newsletter anzumelden. Dabei verarbeiten wir die bei der Anmeldung eingegebenen Daten, um eine Best\u00e4tigungsmail an die E-Mail-Adresse des Nutzers senden zu k\u00f6nnen. Nach der Best\u00e4tigung verarbeiten wir die Daten, um Newsletter versenden zu k\u00f6nnen. Zum Zwecke der Personalisierung verarbeiten wir gegebenenfalls auch den Namen des Nutzers, sofern der Nutzer diesen angegeben hat.<\/p>\n\n\n\n<p>Mit der Anmeldung werden Datum und Uhrzeit sowie die IP-Adresse des Nutzers gespeichert, um eine Eintragung nachweisen zu k\u00f6nnen. Diese Daten verarbeiten wir nach Abmeldung zu Nachweiszwecken weiter und l\u00f6schen sie nach Ablauf von drei Jahren zum Schluss des Jahres.<\/p>\n\n\n\n<p>Rechtsgrundlage f\u00fcr die Verarbeitung ist die Einwilligung des Nutzers nach Art.&nbsp;6 Abs.&nbsp;1 UAbs.&nbsp;1 Buchst.&nbsp;a) DSGVO. Im \u00dcbrigen erfolgt die Verarbeitung nach Art.&nbsp;6 Abs.&nbsp;1 UAbs.&nbsp;1 Buchst.&nbsp;f) DSGVO. Berechtigte Interessen unsererseits sind der Versand von Newslettern, die personalisierte Ansprache des Nutzers und der Nachweis, dass sich der Nutzer f\u00fcr den Newsletter angemeldet hat.<\/p>\n\n\n\n<h2 class=\"wp-block-heading\" id=\"kommentare\">Kommentare<\/h2>\n\n\n\n<p>Auf unserer Webseite geben wir Nutzern die M\u00f6glichkeit, eigene Kommentare zu hinterlassen. Wenn ein Kommentar an uns \u00fcbermittelt wird, verarbeiten wir die Angaben des Nutzers. Zum Schutz vor einem Missbrauch der Kommentarfunktion (z.B. durch Spam oder strafbare Inhalte) verarbeiten wir zus\u00e4tzlich Datum, Uhrzeit und die IP-Adresse des Nutzers.<\/p>\n\n\n\n<p>Rechtsgrundlage f\u00fcr die Verarbeitung ist Art.&nbsp;6 Abs.&nbsp;1 UAbs.&nbsp;1 Buchst.&nbsp;f) DSGVO. Unser berechtigtes Interesse besteht darin, die Kommentarfunktion anbieten zu k\u00f6nnen und uns vor einem Missbrauch zu sch\u00fctzen.<\/p>\n\n\n\n<h2 class=\"wp-block-heading\" id=\"registrierung-fuer-ein-benutzerkonto\">Registrierung f\u00fcr ein Benutzerkonto<\/h2>\n\n\n\n<p>Nutzer k\u00f6nnen sich auf unserer Webseite f\u00fcr unser Angebot registrieren. In diesem Zusammenhang verarbeiten wir die bei der Anmeldung eingegebenen Daten. Die E-Mail-Adresse lassen wir uns durch Zusendung eines Links best\u00e4tigen (Double-Opt-In), um einen Missbrauch der Registrierungsfunktion zu verhindern. Weiter verarbeiten wir zu diesem Zweck Datum und Uhrzeit und die IP-Adresse des Nutzers. Zu Nachweiszwecken verarbeiten wir bei einem Klick auf den Best\u00e4tigungslink ferner Datum, Uhrzeit und IP-Adresse des Nutzers.<\/p>\n\n\n\n<p>Die Daten werden mit der L\u00f6schung des Benutzeraccounts nach Ablauf von drei Jahren zum Schluss des Jahres gel\u00f6scht, wenn nicht eine l\u00e4ngere gesetzliche Aufbewahrungspflicht entgegensteht.<\/p>\n\n\n\n<p>Rechtsgrundlage f\u00fcr die Verarbeitung ist Art.&nbsp;6 Abs.&nbsp;1 UAbs.&nbsp;1 Buchst.&nbsp;a) DSGVO, soweit wir eine Einwilligung des Nutzers einholen. Ist die Verarbeitung f\u00fcr die Erf\u00fcllung eines Vertrags oder zur Durchf\u00fchrung vorvertraglicher Ma\u00dfnahmen erforderlich, beruht sie auf Art.&nbsp;6 Abs.&nbsp;1 UAbs.&nbsp;1 Buchst.&nbsp;b) DSGVO. Rechtsgrundlage im \u00dcbrigen ist Art.&nbsp;6 Abs.&nbsp;1 UAbs.&nbsp;1 Buchst.&nbsp;f) DSGVO. Unser berechtigtes Interesse besteht darin, den Nutzern einen Zugang zu unserem registrierungspflichtigen Angebot zu erm\u00f6glichen, uns vor einem Missbrauch der Registrierungsfunktion zu sch\u00fctzen und eine ordnungsgem\u00e4\u00dfe Eintragung nachweisen zu k\u00f6nnen. Nach der L\u00f6schung des Benutzeraccounts besteht unser berechtigtes Interesse \u00fcberdies in der Abwehr m\u00f6glicher Anspr\u00fcche.<\/p>\n\n\n\n<h2 class=\"wp-block-heading\" id=\"weitere-drittdienste\">Weitere Drittdienste<\/h2>\n\n\n\n<p><strong>YouTube<\/strong><\/p>\n\n\n\n<p>Wir binden Videos von YouTube ein. Anbieter: Google Ireland Ltd., Google Building Gordon House, 4 Barrow St, Dublin, D04 E5W5, Irland. Dabei nutzen wir den erweiterten Datenschutzmodus, sodass YouTube das Nutzerverhalten nicht nachvollzieht, es sei denn der Nutzer sieht sich das Video an. Um Videos bereitstellen zu k\u00f6nnen ist es technisch notwendig, die IP-Adresse des Nutzers an YouTube zu \u00fcbertragen.<\/p>\n\n\n\n<p>Der Einsatz von YouTube erfolgt auf der Rechtsgrundlage von Art.&nbsp;6 Abs.&nbsp;1 UAbs.&nbsp;1 Buchst.&nbsp;f) DSGVO. Unser berechtigtes Interesse besteht in der Verbesserung des Nutzungserlebnisses unserer Webseite und der Darstellung von Inhalten, die f\u00fcr unsere Nutzer interessant sind.<\/p>\n\n\n\n<p>Sie k\u00f6nnen personalisierter Werbung durch Google jederzeit widersprechen, indem Sie das nachfolgende Opt-Out wahrnehmen.<\/p>\n\n\n\n<p><a href=\"https:\/\/adssettings.google.com\/authenticated?hl=de\">Opt-Out<\/a><\/p>\n\n\n\n<p><a href=\"https:\/\/policies.google.com\/privacy?hl=de\">Datenschutzerkl\u00e4rung von YouTube<\/a><\/p>\n\n\n\n<p><strong>Google Fonts<\/strong><\/p>\n\n\n\n<p>Auf unserer Webseite nutzen wir Google Fonts. Anbieter: Google Ireland Ltd., Google Building Gordon House, 4 Barrow St, Dublin, D04 E5W5, Irland.<\/p>\n\n\n\n<p>Schriftarten werden vom Google-Server geladen. Um eine Verbindung zum Server aufzubauen, ist es technisch notwendig, die IP-Adresse des Nutzers zu \u00fcbertragen.<\/p>\n\n\n\n<p>Rechtsgrundlage der Verarbeitung ist Art.&nbsp;6 Abs.&nbsp;1 UAbs.&nbsp;1 Buchst.&nbsp;f) DSGVO. Unser berechtigtes Interesse besteht in der Verk\u00fcrzung von Ladezeiten und einer einheitlichen Darstellung auf unterschiedlichen Endger\u00e4ten.<\/p>\n\n\n\n<p><a href=\"https:\/\/policies.google.com\/privacy?hl=de\">Datenschutzerkl\u00e4rung von Google Fonts<\/a><\/p>\n\n\n\n<h2 class=\"wp-block-heading\" id=\"rechte-betroffener-personen\">Rechte betroffener Personen<\/h2>\n\n\n\n<p>Werden personenbezogene Daten des Nutzers verarbeitet, ist er betroffene Person im Sinne der DSGVO. Betroffenen Personen stehen die folgenden Rechte zu:<\/p>\n\n\n\n<p><strong>Recht auf Auskunft:<\/strong> Die betroffene Person hat das Recht, eine Best\u00e4tigung dar\u00fcber zu verlangen, ob sie betreffende personenbezogene Daten verarbeitet werden. Werden personenbezogene Daten verarbeitet, so hat die betroffene Person ein Recht auf unentgeltliche Auskunft sowie auf eine Kopie der personenbezogenen Daten, die Gegenstand der Verarbeitung sind.<\/p>\n\n\n\n<p><strong>Recht auf Berichtigung:<\/strong> Die betroffene Person hat das Recht, die unverz\u00fcgliche Berichtigung unrichtiger oder Vervollst\u00e4ndigung unvollst\u00e4ndiger personenbezogener Daten zu verlangen.<\/p>\n\n\n\n<p><strong>Recht auf L\u00f6schung:<\/strong> Die betroffene Person hat das Recht, nach Ma\u00dfgabe der gesetzlichen Bestimmungen eine unverz\u00fcgliche L\u00f6schung sie betreffender personenbezogener Daten zu verlangen.<\/p>\n\n\n\n<p><strong>Recht auf Einschr\u00e4nkung der Verarbeitung:<\/strong> Die betroffene Person hat das Recht, nach Ma\u00dfgabe der gesetzlichen Bestimmungen eine Einschr\u00e4nkung der Verarbeitung sie betreffender personenbezogener Daten zu verlangen.<\/p>\n\n\n\n<p><strong>Recht auf Daten\u00fcbertragbarkeit:<\/strong> Die betroffene Person hat das Recht, die sie betreffenden personenbezogenen Daten in einem strukturierten, g\u00e4ngigen und maschinenlesbaren Format zu erhalten oder eine \u00dcbermittlung an einen anderen Verantwortlichen zu verlangen.<\/p>\n\n\n\n<p><strong>Recht auf Widerspruch:<\/strong> Die betroffene Person hat das Recht, aus Gr\u00fcnden, die sich aus ihrer besonderen Situation ergeben, jederzeit gegen die Verarbeitung sie betreffender personenbezogener Daten, die aufgrund von Art.&nbsp;6 Abs.&nbsp;1 UAbs.&nbsp;1 Buchst.&nbsp;e) oder f) DSGVO erfolgt, Widerspruch einzulegen; dies gilt auch f\u00fcr ein auf diese Bestimmungen gest\u00fctztes Profiling. Werden personenbezogene Daten verarbeitet, um Direktwerbung zu betreiben, so hat die betroffene Person das Recht, jederzeit Widerspruch gegen die Verarbeitung sie betreffender personenbezogener Daten zum Zwecke derartiger Werbung einzulegen; dies gilt auch f\u00fcr das Profiling, soweit es mit solcher Direktwerbung in Verbindung steht.<\/p>\n\n\n\n<p><strong>Recht auf Widerruf:<\/strong> Die betroffene Person hat das Recht, ihre erteilte Einwilligung jederzeit zu widerrufen.<\/p>\n\n\n\n<p><strong>Recht auf Beschwerde:<\/strong> Die betroffene Person hat das Recht, sich bei einer Aufsichtsbeh\u00f6rde zu beschweren.<\/p>\n\n\n\n<p><strong>Stand der Datenschutzerkl\u00e4rung:<\/strong> 29. Januar 2022<\/p>\n\n\n\n<p>Diese Datenschutzerkl\u00e4rung wurde mit dem Generator von <a href=\"https:\/\/www.einfach-abmahnsicher.de\">Einfach Abmahnsicher<\/a> in Kooperation mit <a href=\"https:\/\/www.prigge-recht.de\">PRIGGE Recht<\/a> erstellt.<\/p>\n","protected":false},"excerpt":{"rendered":"<p>Datenschutzerkl\u00e4rung Wie wir mit Ihren personenbezogenen Daten umgehen, erl\u00e4utern wir Ihnen in dieser Datenschutzerkl\u00e4rung. Ma\u00dfgabe ist das geltende Datenschutzrecht, insbesondere die Datenschutz-Grundverordnung (DSGVO). Mit Ausnahme der Dienstleister und Drittanbieter, die wir in dieser Datenschutzerkl\u00e4rung benennen, geben wir keine Daten an Dritte weiter. Wenn Sie Fragen haben, sprechen Sie uns gerne an. Inhalt Verantwortlicher Verantwortlich f\u00fcr [&hellip;]<\/p>\n","protected":false},"author":2,"featured_media":0,"parent":0,"menu_order":0,"comment_status":"closed","ping_status":"closed","template":"","meta":{"footnotes":""},"class_list":["post-36","page","type-page","status-publish","hentry"],"_links":{"self":[{"href":"https:\/\/www.hpfrank.de\/index.php?rest_route=\/wp\/v2\/pages\/36","targetHints":{"allow":["GET"]}}],"collection":[{"href":"https:\/\/www.hpfrank.de\/index.php?rest_route=\/wp\/v2\/pages"}],"about":[{"href":"https:\/\/www.hpfrank.de\/index.php?rest_route=\/wp\/v2\/types\/page"}],"author":[{"embeddable":true,"href":"https:\/\/www.hpfrank.de\/index.php?rest_route=\/wp\/v2\/users\/2"}],"replies":[{"embeddable":true,"href":"https:\/\/www.hpfrank.de\/index.php?rest_route=%2Fwp%2Fv2%2Fcomments&post=36"}],"version-history":[{"count":14,"href":"https:\/\/www.hpfrank.de\/index.php?rest_route=\/wp\/v2\/pages\/36\/revisions"}],"predecessor-version":[{"id":163,"href":"https:\/\/www.hpfrank.de\/index.php?rest_route=\/wp\/v2\/pages\/36\/revisions\/163"}],"wp:attachment":[{"href":"https:\/\/www.hpfrank.de\/index.php?rest_route=%2Fwp%2Fv2%2Fmedia&parent=36"}],"curies":[{"name":"wp","href":"https:\/\/api.w.org\/{rel}","templated":true}]}}